{"id":2850,"date":"2021-10-19T12:10:16","date_gmt":"2021-10-19T10:10:16","guid":{"rendered":"https:\/\/gruendungsfabrik-rheingau.de\/?page_id=2850"},"modified":"2021-10-21T10:04:18","modified_gmt":"2021-10-21T08:04:18","slug":"impressum","status":"publish","type":"page","link":"https:\/\/gruendungsfabrik-rheingau.de\/en\/impressum\/","title":{"rendered":"Impressum"},"content":{"rendered":"\t\t<div data-elementor-type=\"wp-page\" data-elementor-id=\"2850\" class=\"elementor elementor-2850\" data-elementor-post-type=\"page\">\n\t\t\t\t\t\t<section class=\"elementor-section elementor-top-section elementor-element elementor-element-7c19d2c5 elementor-section-content-bottom elementor-section-boxed elementor-section-height-default elementor-section-height-default\" data-id=\"7c19d2c5\" data-element_type=\"section\" data-e-type=\"section\" data-settings=\"{&quot;background_background&quot;:&quot;classic&quot;}\">\n\t\t\t\t\t\t<div class=\"elementor-container elementor-column-gap-default\">\n\t\t\t\t\t<div class=\"elementor-column elementor-col-100 elementor-top-column elementor-element elementor-element-4d972675\" data-id=\"4d972675\" data-element_type=\"column\" data-e-type=\"column\">\n\t\t\t<div class=\"elementor-widget-wrap elementor-element-populated\">\n\t\t\t\t\t\t<section class=\"elementor-section elementor-inner-section elementor-element elementor-element-451b370f elementor-section-boxed elementor-section-height-default elementor-section-height-default\" data-id=\"451b370f\" data-element_type=\"section\" data-e-type=\"section\">\n\t\t\t\t\t\t<div class=\"elementor-container elementor-column-gap-default\">\n\t\t\t\t\t<div class=\"elementor-column elementor-col-33 elementor-inner-column elementor-element elementor-element-3445e26a elementor-hidden-phone\" data-id=\"3445e26a\" data-element_type=\"column\" data-e-type=\"column\">\n\t\t\t<div class=\"elementor-widget-wrap\">\n\t\t\t\t\t\t\t<\/div>\n\t\t<\/div>\n\t\t\t\t<div class=\"elementor-column elementor-col-33 elementor-inner-column elementor-element elementor-element-473198f7\" data-id=\"473198f7\" data-element_type=\"column\" data-e-type=\"column\">\n\t\t\t<div class=\"elementor-widget-wrap elementor-element-populated\">\n\t\t\t\t\t\t<div class=\"elementor-element elementor-element-47f949ca elementor-widget elementor-widget-spacer\" data-id=\"47f949ca\" data-element_type=\"widget\" data-e-type=\"widget\" data-widget_type=\"spacer.default\">\n\t\t\t\t<div class=\"elementor-widget-container\">\n\t\t\t\t\t\t\t<div class=\"elementor-spacer\">\n\t\t\t<div class=\"elementor-spacer-inner\"><\/div>\n\t\t<\/div>\n\t\t\t\t\t\t<\/div>\n\t\t\t\t<\/div>\n\t\t\t\t<div class=\"elementor-element elementor-element-743a9842 elementor-widget elementor-widget-heading\" data-id=\"743a9842\" data-element_type=\"widget\" data-e-type=\"widget\" data-widget_type=\"heading.default\">\n\t\t\t\t<div class=\"elementor-widget-container\">\n\t\t\t\t\t<h1 class=\"elementor-heading-title elementor-size-default\">Impressum<\/h1>\t\t\t\t<\/div>\n\t\t\t\t<\/div>\n\t\t\t\t<div class=\"elementor-element elementor-element-584bf128 elementor-widget elementor-widget-spacer\" data-id=\"584bf128\" data-element_type=\"widget\" data-e-type=\"widget\" data-widget_type=\"spacer.default\">\n\t\t\t\t<div class=\"elementor-widget-container\">\n\t\t\t\t\t\t\t<div class=\"elementor-spacer\">\n\t\t\t<div class=\"elementor-spacer-inner\"><\/div>\n\t\t<\/div>\n\t\t\t\t\t\t<\/div>\n\t\t\t\t<\/div>\n\t\t\t\t\t<\/div>\n\t\t<\/div>\n\t\t\t\t<div class=\"elementor-column elementor-col-33 elementor-inner-column elementor-element elementor-element-c08b170 elementor-hidden-phone\" data-id=\"c08b170\" data-element_type=\"column\" data-e-type=\"column\">\n\t\t\t<div class=\"elementor-widget-wrap\">\n\t\t\t\t\t\t\t<\/div>\n\t\t<\/div>\n\t\t\t\t\t<\/div>\n\t\t<\/section>\n\t\t\t\t\t<\/div>\n\t\t<\/div>\n\t\t\t\t\t<\/div>\n\t\t<\/section>\n\t\t\t\t<section class=\"elementor-section elementor-top-section elementor-element elementor-element-5585decb elementor-section-boxed elementor-section-height-default elementor-section-height-default\" data-id=\"5585decb\" data-element_type=\"section\" data-e-type=\"section\" data-settings=\"{&quot;background_background&quot;:&quot;classic&quot;}\">\n\t\t\t\t\t\t<div class=\"elementor-container elementor-column-gap-default\">\n\t\t\t\t\t<div class=\"elementor-column elementor-col-100 elementor-top-column elementor-element elementor-element-26e5267c\" data-id=\"26e5267c\" data-element_type=\"column\" data-e-type=\"column\">\n\t\t\t<div class=\"elementor-widget-wrap elementor-element-populated\">\n\t\t\t\t\t\t<section class=\"elementor-section elementor-inner-section elementor-element elementor-element-410086ab elementor-section-boxed elementor-section-height-default elementor-section-height-default\" data-id=\"410086ab\" data-element_type=\"section\" data-e-type=\"section\">\n\t\t\t\t\t\t<div class=\"elementor-container elementor-column-gap-default\">\n\t\t\t\t\t<div class=\"elementor-column elementor-col-100 elementor-inner-column elementor-element elementor-element-64316eba\" data-id=\"64316eba\" data-element_type=\"column\" data-e-type=\"column\">\n\t\t\t<div class=\"elementor-widget-wrap elementor-element-populated\">\n\t\t\t\t\t\t<div class=\"elementor-element elementor-element-4e70e48a elementor-widget elementor-widget-text-editor\" data-id=\"4e70e48a\" data-element_type=\"widget\" data-e-type=\"widget\" data-widget_type=\"text-editor.default\">\n\t\t\t\t<div class=\"elementor-widget-container\">\n\t\t\t\t\t\t\t\t\t<p>Die Gr\u00fcndungsfabrik Rheingau ist ein Verbundprojekt der EBS Universit\u00e4t f\u00fcr Wirtschaft und Recht (EBS) und der Hochschule Geisenheim University (HGU). Das Verbundprojekt wurde als hochschul\u00fcbergreifende Einrichtung gem\u00e4\u00df \u00a7 47 S. 2 HHG gegr\u00fcndet. Den gemeinsamen Internetauftritt betreut die Hochschule Geisenheim University.<\/p><p>Angaben gem\u00e4\u00df \u00a7 5 TMG:<\/p><p>Hochschule Geisenheim University\u00a0<\/p><p>Von-Lade-Str. 1 65366 Geisenheim<\/p><p>Vertreten durch:<\/p><p>Die Hochschule Geisenheim ist eine K\u00f6rperschaft des \u00f6ffentlichen Rechts. Sie wird durch den Pr\u00e4sidenten Prof. Dr. Hans Reiner Schultz gesetzlich vertreten.<\/p><p>Redaktionell Verantwortliche nach \u00a7 55 Abs. 2 RStV:\u00a0<\/p><p>E-Mail:<a href=\"mailto:rama@gf-rheingau.de\"> rama@gf-rheingau.de<\/a><\/p><p>Haftung f\u00fcr Inhalte<\/p><p>Als Dienstanbieter ist die HGU gem\u00e4\u00df \u00a7 7 Abs.1 TMG f\u00fcr eigene Inhalte auf diesen Seiten nach den allgemeinen Gesetzen verantwortlich. Nach \u00a7\u00a7 8 bis 10 TMG ist die HGU als Dienstanbieter jedoch nicht verpflichtet, \u00fcbermittelte oder gespeicherte fremde Informationen zu \u00fcberwachen oder nach Umst\u00e4nden zu forschen, die auf eine rechtswidrige T\u00e4tigkeit hinweisen.<\/p><p>Verpflichtungen zur Entfernung oder Sperrung der Nutzung von Informationen nach den allgemeinen Gesetzen bleiben hiervon unber\u00fchrt. Eine diesbez\u00fcgliche Haftung ist jedoch erst ab dem Zeitpunkt der Kenntnis einer konkreten Rechtsverletzung m\u00f6glich. Bei Bekanntwerden von entsprechenden Rechtsverletzungen werden wir diese Inhalte umgehend entfernen.<\/p><p>\u00a0<\/p><p>Haftung f\u00fcr Links<\/p><p>Das Angebot der HGU enth\u00e4lt Links zu externen Websites Dritter, auf deren Inhalte die HGU keinen Einfluss hat. Deshalb kann die HGU f\u00fcr diese fremden Inhalte auch keine Gew\u00e4hr \u00fcbernehmen. F\u00fcr die Inhalte der verlinkten Seiten ist stets der jeweilige Anbieter oder Betreiber der Seiten verantwortlich. Die verlinkten Seiten wurden zum Zeitpunkt der Verlinkung auf m\u00f6gliche Rechtsverst\u00f6\u00dfe \u00fcberpr\u00fcft. Rechtswidrige Inhalte waren zum Zeitpunkt der Verlinkung nicht erkennbar.<\/p><p>Eine permanente inhaltliche Kontrolle der verlinkten Seiten ist jedoch ohne konkrete Anhaltspunkte einer Rechtsverletzung nicht zumutbar. Bei Bekanntwerden von Rechtsverletzungen werden wir derartige Links umgehend entfernen.<\/p><p>Quellenangaben f\u00fcr die verwendeten Bilder und Grafiken werden separat angegeben.<\/p><p>\u00a0<\/p>\t\t\t\t\t\t\t\t<\/div>\n\t\t\t\t<\/div>\n\t\t\t\t\t<\/div>\n\t\t<\/div>\n\t\t\t\t\t<\/div>\n\t\t<\/section>\n\t\t\t\t\t<\/div>\n\t\t<\/div>\n\t\t\t\t\t<\/div>\n\t\t<\/section>\n\t\t\t\t<\/div>\n\t\t","protected":false},"excerpt":{"rendered":"<p>Impressum Die Gr\u00fcndungsfabrik Rheingau ist ein Verbundprojekt der EBS Universit\u00e4t f\u00fcr Wirtschaft und Recht (EBS) und der Hochschule Geisenheim University (HGU). Das Verbundprojekt wurde als hochschul\u00fcbergreifende Einrichtung gem\u00e4\u00df \u00a7 47 [&hellip;]<\/p>\n","protected":false},"author":1,"featured_media":0,"parent":0,"menu_order":0,"comment_status":"closed","ping_status":"closed","template":"elementor_header_footer","meta":{"_acf_changed":false,"footnotes":""},"class_list":["post-2850","page","type-page","status-publish","hentry"],"acf":[],"_links":{"self":[{"href":"https:\/\/gruendungsfabrik-rheingau.de\/en\/wp-json\/wp\/v2\/pages\/2850","targetHints":{"allow":["GET"]}}],"collection":[{"href":"https:\/\/gruendungsfabrik-rheingau.de\/en\/wp-json\/wp\/v2\/pages"}],"about":[{"href":"https:\/\/gruendungsfabrik-rheingau.de\/en\/wp-json\/wp\/v2\/types\/page"}],"author":[{"embeddable":true,"href":"https:\/\/gruendungsfabrik-rheingau.de\/en\/wp-json\/wp\/v2\/users\/1"}],"replies":[{"embeddable":true,"href":"https:\/\/gruendungsfabrik-rheingau.de\/en\/wp-json\/wp\/v2\/comments?post=2850"}],"version-history":[{"count":2,"href":"https:\/\/gruendungsfabrik-rheingau.de\/en\/wp-json\/wp\/v2\/pages\/2850\/revisions"}],"predecessor-version":[{"id":3038,"href":"https:\/\/gruendungsfabrik-rheingau.de\/en\/wp-json\/wp\/v2\/pages\/2850\/revisions\/3038"}],"wp:attachment":[{"href":"https:\/\/gruendungsfabrik-rheingau.de\/en\/wp-json\/wp\/v2\/media?parent=2850"}],"curies":[{"name":"wp","href":"https:\/\/api.w.org\/{rel}","templated":true}]}}